{"id":2040,"date":"2020-06-13T22:25:11","date_gmt":"2020-06-13T20:25:11","guid":{"rendered":"https:\/\/leslieketa.com\/?page_id=2040"},"modified":"2021-09-09T14:15:20","modified_gmt":"2021-09-09T12:15:20","slug":"nos-audits","status":"publish","type":"page","link":"https:\/\/mmeleslie.com\/index.php\/nos-audits\/","title":{"rendered":"NOS AUDITS"},"content":{"rendered":"<p>[vc_row full_width=\u00a0\u00bbstretch_row\u00a0\u00bb content_placement=\u00a0\u00bbtop\u00a0\u00bb][vc_column][vc_column_text]<\/p>\n<p style=\"text-align: justify;\"><span style=\"font-size: 22pt; color: #ed008c;\"><img loading=\"lazy\" class=\"alignleft wp-image-2395\" src=\"https:\/\/mmeleslie.com\/wp-content\/uploads\/2021\/07\/photographe-corporate-LKConsulting-le-mans-magda-laze25-1024x1024-1-1024x1024.jpg\" alt=\"\" width=\"500\" height=\"500\" srcset=\"https:\/\/mmeleslie.com\/wp-content\/uploads\/2021\/07\/photographe-corporate-LKConsulting-le-mans-magda-laze25-1024x1024-1.jpg 1024w, https:\/\/mmeleslie.com\/wp-content\/uploads\/2021\/07\/photographe-corporate-LKConsulting-le-mans-magda-laze25-1024x1024-1-100x100.jpg 100w, https:\/\/mmeleslie.com\/wp-content\/uploads\/2021\/07\/photographe-corporate-LKConsulting-le-mans-magda-laze25-1024x1024-1-600x600.jpg 600w, https:\/\/mmeleslie.com\/wp-content\/uploads\/2021\/07\/photographe-corporate-LKConsulting-le-mans-magda-laze25-1024x1024-1-300x300.jpg 300w, https:\/\/mmeleslie.com\/wp-content\/uploads\/2021\/07\/photographe-corporate-LKConsulting-le-mans-magda-laze25-1024x1024-1-150x150.jpg 150w, https:\/\/mmeleslie.com\/wp-content\/uploads\/2021\/07\/photographe-corporate-LKConsulting-le-mans-magda-laze25-1024x1024-1-768x768.jpg 768w, https:\/\/mmeleslie.com\/wp-content\/uploads\/2021\/07\/photographe-corporate-LKConsulting-le-mans-magda-laze25-1024x1024-1-370x370.jpg 370w, https:\/\/mmeleslie.com\/wp-content\/uploads\/2021\/07\/photographe-corporate-LKConsulting-le-mans-magda-laze25-1024x1024-1-90x90.jpg 90w, https:\/\/mmeleslie.com\/wp-content\/uploads\/2021\/07\/photographe-corporate-LKConsulting-le-mans-magda-laze25-1024x1024-1-760x760.jpg 760w\" sizes=\"(max-width: 500px) 100vw, 500px\" \/><\/span><span style=\"font-size: 12pt;\">Nous vous proposons cinq types d\u2019audits sont les suivants :<\/span><\/p>\n<p style=\"text-align: justify;\"><span style=\"color: #06636d;\"><strong><span style=\"font-size: 16pt;\">A- Audit Gouvernance ML Consulting<\/span><\/strong><\/span><\/p>\n<p style=\"text-align: justify;\"><span style=\"font-size: 12pt;\">L\u2019objectif vis\u00e9 est de faciliter et clarifier vos pouvoirs de d\u00e9cisions.<\/span><\/p>\n<p style=\"text-align: justify;\"><span style=\"font-size: 12pt;\">En 6 \u00e9tapes qui sont les suivantes :<\/span><\/p>\n<ol style=\"text-align: justify;\">\n<li style=\"list-style-type: none;\">\n<ol>\n<li style=\"list-style-type: none;\">\n<ol>\n<li style=\"list-style-type: none;\">\n<ol>\n<li><span style=\"font-size: 12pt;\">Analyse de la gouvernance<\/span><\/li>\n<li><span style=\"font-size: 12pt;\">Design des organes de gouvernance<\/span><\/li>\n<li><span style=\"font-size: 12pt;\">D\u00e9finition des r\u00f4les<\/span><\/li>\n<li><span style=\"font-size: 12pt;\">D\u00e9finition des r\u00e8gles de gouvernance<\/span><\/li>\n<li><span style=\"font-size: 12pt;\">D\u00e9finition des modes de prise de d\u00e9cision et niveaux d\u00e9cisionnaires<\/span><\/li>\n<li><span style=\"font-size: 12pt;\">Adaptation de la gouvernance<\/span><\/li>\n<\/ol>\n<\/li>\n<\/ol>\n<\/li>\n<\/ol>\n<\/li>\n<\/ol>\n<p style=\"text-align: justify;\"><strong><span style=\"font-size: 12pt;\">Ainsi, vous b\u00e9n\u00e9ficiez de :<\/span><\/strong><\/p>\n<ol style=\"text-align: justify;\">\n<li style=\"list-style-type: none;\">\n<ol>\n<li style=\"list-style-type: none;\">\n<ol>\n<li><span style=\"font-size: 12pt;\">Un \u00e9tat des lieux de la situation actuelle<\/span><\/li>\n<li><span style=\"font-size: 12pt;\">Des recommandations d\u2019action concr\u00e8tes<\/span><\/li>\n<li><span style=\"font-size: 12pt;\">Une m\u00e9thodologie clairement d\u00e9finie<\/span><\/li>\n<li><span style=\"font-size: 12pt;\">Un socle de r\u00e9f\u00e9rence pour toutes prises de d\u00e9cisions<\/span><\/li>\n<\/ol>\n<\/li>\n<\/ol>\n<\/li>\n<\/ol>\n<p>&nbsp;<\/p>\n<p style=\"text-align: justify;\"><span style=\"color: #06636d;\"><strong><span style=\"font-size: 16pt;\">B- Audit Organisation ML Consulting<\/span><\/strong><\/span><\/p>\n<p style=\"text-align: justify;\"><span style=\"font-size: 12pt;\">L\u2019objectif vis\u00e9 est de permettre \u00e0 votre entreprise d\u2019\u00eatre organis\u00e9e pour plus de performances.<\/span><\/p>\n<p style=\"text-align: justify;\"><strong><span style=\"font-size: 12pt;\">En 3 \u00e9tapes qui sont les suivantes :<\/span><\/strong><\/p>\n<ol style=\"text-align: justify;\">\n<li style=\"list-style-type: none;\">\n<ol>\n<li style=\"list-style-type: none;\">\n<ol>\n<li><span style=\"font-size: 12pt;\">Un questionnaire remis \u00e0 vos collaborateurs afin de conna\u00eetre leurs activit\u00e9s et responsabilit\u00e9s<\/span><\/li>\n<li><span style=\"font-size: 12pt;\">Des interviews avec les concern\u00e9s, pour approfondir certains axes lors de l\u2019analyse des r\u00e9sultats du questionnaire.<\/span><\/li>\n<li><span style=\"font-size: 12pt;\">Des ateliers (workshops) pour favoriser l\u2019\u00e9change sur les axes positifs et surligneur les points d\u2019am\u00e9lioration.<\/span><\/li>\n<\/ol>\n<\/li>\n<\/ol>\n<\/li>\n<\/ol>\n<p style=\"text-align: justify;\"><strong><span style=\"font-size: 12pt;\">Ainsi, vous b\u00e9n\u00e9ficiez de:<\/span><\/strong><\/p>\n<ol style=\"text-align: justify;\">\n<li style=\"list-style-type: none;\">\n<ol>\n<li style=\"list-style-type: none;\">\n<ol>\n<li style=\"text-align: justify;\"><span style=\"font-size: 12pt;\">Un rapport (analyse approfondie) de fonctionnement organisationnel de votre entreprise<\/span><\/li>\n<li style=\"text-align: justify;\"><span style=\"font-size: 12pt;\">Une cartographie comprenant les \u00e9l\u00e9ments pertinents pour pr\u00e9senter votre situation actuelle vous permettant de savoir ou vous en \u00eates, pour ensuite d\u00e9finir ou vous souhaitez aller et comment.<\/span><\/li>\n<li style=\"text-align: justify;\"><span style=\"font-size: 12pt;\">Recommandations explicitant vos axes d\u2019am\u00e9lioration d\u00e9coulant de notre observation lors de l\u2019audit. Vous pourriez ainsi perfectionner le fonctionnement de votre entreprise.\u00a0 \u00a0 \u00a0<\/span><\/li>\n<\/ol>\n<\/li>\n<\/ol>\n<\/li>\n<\/ol>\n<p style=\"text-align: justify;\"><span style=\"color: #06636d;\"><strong><span style=\"font-size: 16pt;\">C- Audit\u00a0 Strat\u00e9gie ML Consulting<\/span><\/strong><\/span><\/p>\n<p style=\"text-align: justify;\"><span style=\"font-size: 12pt;\">L\u2019objectif vis\u00e9 est de vous permettre de r\u00e9aliser un \u00e9tat des lieux des aspects strat\u00e9giques de votre entreprise en interne et \u00e0 l\u2019externe.<\/span><\/p>\n<p style=\"text-align: justify;\"><strong><span style=\"font-size: 12pt;\">En 5 \u00e9tapes qui sont les suivantes :<\/span><\/strong><\/p>\n<ol style=\"text-align: justify;\">\n<li style=\"list-style-type: none;\">\n<ol>\n<li style=\"list-style-type: none;\">\n<ol>\n<li><span style=\"font-size: 12pt;\">Collecte des informations et statistiques misent \u00e0 disposition<\/span><\/li>\n<li><span style=\"font-size: 12pt;\">Entretiens avec les parties prenantes<\/span><\/li>\n<li><span style=\"font-size: 12pt;\">Analyse des conditions du march\u00e9 et de la comp\u00e9titivit\u00e9<\/span><\/li>\n<li><span style=\"font-size: 12pt;\">\u00c9tablissement d\u2019un rapport d\u2019analyse strat\u00e9gique<\/span><\/li>\n<li><span style=\"font-size: 12pt;\">Pr\u00e9sentation du rapport par nos soins<\/span><\/li>\n<\/ol>\n<\/li>\n<\/ol>\n<\/li>\n<\/ol>\n<p style=\"text-align: justify;\"><strong><span style=\"font-size: 12pt;\">Ainsi, vous b\u00e9n\u00e9ficiez de :<\/span><\/strong><\/p>\n<ol style=\"text-align: justify;\">\n<li style=\"list-style-type: none;\">\n<ol>\n<li style=\"list-style-type: none;\">\n<ol>\n<li><span style=\"font-size: 12pt;\">Une vision objective de la situation<\/span><\/li>\n<li><span style=\"font-size: 12pt;\">Une analyse g\u00e9n\u00e9rale de l\u2019entreprise<\/span><\/li>\n<li><span style=\"font-size: 12pt;\">Un document de r\u00e9f\u00e9rence pour les prochaines \u00e9tapes<\/span><\/li>\n<li><span style=\"font-size: 12pt;\">Un socle sur-mesure pour toute prise de d\u00e9cision<\/span><\/li>\n<\/ol>\n<\/li>\n<\/ol>\n<\/li>\n<\/ol>\n<p style=\"text-align: justify;\"><span style=\"color: #06636d;\"><strong><span style=\"font-size: 16pt;\">D- Audit Protocole Client ML Consultant<\/span><\/strong><\/span><\/p>\n<p style=\"text-align: justify;\"><span style=\"font-size: 12pt;\">L\u2019objectif vis\u00e9, vous permettre d\u2019\u00e9valuer de mani\u00e8re simplifi\u00e9e le niveau de votre entreprise en termes d\u2019exp\u00e9rience client.<\/span><\/p>\n<p style=\"text-align: justify;\"><strong><span style=\"font-size: 12pt;\">En 5 \u00e9tapes qui sont les suivantes :<\/span><\/strong><\/p>\n<ol style=\"text-align: justify;\">\n<li style=\"list-style-type: none;\">\n<ol>\n<li style=\"list-style-type: none;\">\n<ol>\n<li><span style=\"font-size: 12pt;\">\u00a0Questionnaire en ligne<\/span><\/li>\n<li><span style=\"font-size: 12pt;\">Analyse des r\u00e9ponses par nos soins<\/span><\/li>\n<li><span style=\"font-size: 12pt;\">Rapport complet pr\u00e9sent\u00e9 au client<\/span><\/li>\n<li><span style=\"font-size: 12pt;\">Mise en place d\u2019un protocole client<\/span><\/li>\n<li><span style=\"font-size: 12pt;\">Suggestion d\u2019un plan de mobilisation de communication externe<\/span><\/li>\n<\/ol>\n<\/li>\n<\/ol>\n<\/li>\n<\/ol>\n<p style=\"text-align: justify;\"><strong><span style=\"font-size: 12pt;\">Ainsi, vous b\u00e9n\u00e9ficiez de :<\/span><\/strong><\/p>\n<ol>\n<li style=\"list-style-type: none;\">\n<ol>\n<li style=\"list-style-type: none;\">\n<ol>\n<li style=\"text-align: justify;\"><span style=\"font-size: 12pt;\">Une simplification de l\u2019exp\u00e9rience client : r\u00e9duction des efforts clients, des points de douleurs, des points irritants afin de garantir une exp\u00e9rience unique.<\/span><\/li>\n<li style=\"text-align: justify;\"><span style=\"font-size: 12pt;\">Une Communication digitale : r\u00e9ussir \u00e0 d\u00e9velopper, ma\u00eetriser, et consolider une communication digitale pour l\u2019entreprise qui est un atout indispensable.<\/span><\/li>\n<li style=\"text-align: justify;\"><span style=\"font-size: 12pt;\">Un retour du client : la voix du client pris en compte afin d\u2019orienter les d\u00e9cisions d\u2019entreprise et obtenir\u00a0 une meilleure satisfaction client, un meilleur taux de fid\u00e9lisation et de recommandations.<\/span><\/li>\n<li style=\"text-align: justify;\"><span style=\"font-size: 12pt;\">Une strat\u00e9gie du protocole client sur-mesure : claire, structur\u00e9e, coh\u00e9rente avec la strat\u00e9gie de l\u2019entreprise comme levier fort de diff\u00e9renciation strat\u00e9gique.<\/span><\/li>\n<li style=\"text-align: justify;\"><span style=\"font-size: 12pt;\">Livrables concrets sur le niveau de maturit\u00e9 du protocole client, les plans d\u2019action pour am\u00e9liorer les \u00ab d\u00e9fauts \u00bb (quick wins) et des axes d\u2019am\u00e9lioration strat\u00e9giques.<\/span><\/li>\n<\/ol>\n<\/li>\n<\/ol>\n<\/li>\n<\/ol>\n<p>[\/vc_column_text][\/vc_column][\/vc_row][vc_row][vc_column][vc_empty_space height=\u00a0\u00bb400px\u00a0\u00bb hide_on_mobile=\u00a0\u00bb\u00a0\u00bb][\/vc_column][\/vc_row]<\/p>\n","protected":false},"excerpt":{"rendered":"<p>[vc_row full_width=\u00a0\u00bbstretch_row\u00a0\u00bb content_placement=\u00a0\u00bbtop\u00a0\u00bb][vc_column][vc_column_text] Nous vous proposons cinq types d\u2019audits sont les suivants : A- Audit Gouvernance ML Consulting L\u2019objectif vis\u00e9 est de faciliter et clarifier vos pouvoirs de d\u00e9cisions. En 6 \u00e9tapes qui sont les suivantes : Analyse de la gouvernance Design des organes de&hellip;<\/p>\n","protected":false},"author":1,"featured_media":0,"parent":0,"menu_order":0,"comment_status":"closed","ping_status":"closed","template":"","meta":[],"_links":{"self":[{"href":"https:\/\/mmeleslie.com\/index.php\/wp-json\/wp\/v2\/pages\/2040"}],"collection":[{"href":"https:\/\/mmeleslie.com\/index.php\/wp-json\/wp\/v2\/pages"}],"about":[{"href":"https:\/\/mmeleslie.com\/index.php\/wp-json\/wp\/v2\/types\/page"}],"author":[{"embeddable":true,"href":"https:\/\/mmeleslie.com\/index.php\/wp-json\/wp\/v2\/users\/1"}],"replies":[{"embeddable":true,"href":"https:\/\/mmeleslie.com\/index.php\/wp-json\/wp\/v2\/comments?post=2040"}],"version-history":[{"count":4,"href":"https:\/\/mmeleslie.com\/index.php\/wp-json\/wp\/v2\/pages\/2040\/revisions"}],"predecessor-version":[{"id":2533,"href":"https:\/\/mmeleslie.com\/index.php\/wp-json\/wp\/v2\/pages\/2040\/revisions\/2533"}],"wp:attachment":[{"href":"https:\/\/mmeleslie.com\/index.php\/wp-json\/wp\/v2\/media?parent=2040"}],"curies":[{"name":"wp","href":"https:\/\/api.w.org\/{rel}","templated":true}]}}