{"id":2368,"date":"2021-07-02T18:55:46","date_gmt":"2021-07-02T16:55:46","guid":{"rendered":"https:\/\/mmeleslie.com\/?page_id=2368"},"modified":"2023-01-06T01:14:19","modified_gmt":"2023-01-06T00:14:19","slug":"nos-offres-2","status":"publish","type":"page","link":"https:\/\/mmeleslie.com\/index.php\/nos-offres-2\/","title":{"rendered":"NOS OFFRES"},"content":{"rendered":"<p>[vc_row][vc_column]<div id=\"sc_content_1277207033\"\r\n\t\tclass=\"sc_content color_style_default sc_content_default sc_float_center sc_content_width_80p\"><div class=\"sc_content_container\"><div id=\"sc_title_1313089992\"\r\n\t\tclass=\"sc_title color_style_default sc_title_default\"><h6 class=\"sc_item_subtitle sc_title_subtitle sc_align_left sc_item_title_style_default\">Au service de votre entreprise<\/h6><h3 class=\"sc_item_title sc_title_title sc_align_left sc_item_title_style_default\">Nos 4 formules d'accompagnement<\/h3><\/div><!-- \/.sc_title --><\/div><\/div><!-- \/.sc_content -->[vc_empty_space hide_on_mobile=\u00a0\u00bb\u00a0\u00bb][vc_empty_space hide_on_mobile=\u00a0\u00bb\u00a0\u00bb][vc_empty_space hide_on_mobile=\u00a0\u00bb\u00a0\u00bb][\/vc_column][\/vc_row][vc_row][vc_column][vc_video link=\u00a0\u00bbhttps:\/\/vimeo.com\/439572238&Prime;][\/vc_column][\/vc_row][vc_row full_width=\u00a0\u00bbstretch_row_content\u00a0\u00bb][vc_column width=\u00a0\u00bb1\/4&Prime;][vc_empty_space hide_on_mobile=\u00a0\u00bb\u00a0\u00bb][vc_empty_space]<div  id=\"sc_price_1141400999\" \n\tclass=\"sc_price color_style_default sc_price_default\"><div class=\"sc_price_info\"><div class=\"sc_price_title\"><a href=\"https:\/\/calendly.com\/mmeleslie\/precieuse\">PR\u00c9CIEUSE<\/a><\/div><div class=\"sc_price_price\"><span class=\"sc_price_value\">390\u20ac<\/span><\/div><div class=\"sc_price_details\">[vc_column_text]<\/p>\n<p style=\"text-align: justify;\"><span style=\"color: #333333;\">La formule Pr\u00e9cieuse est d\u00e9di\u00e9e \u00e0 tout entrepreneur ayant moins de 3 ann\u00e9es d&rsquo;activit\u00e9 souhaitant mieux concevoir sa strat\u00e9gie d&rsquo;offre et de service. Elle vous permettra aussi d&rsquo;acqu\u00e9rir les comp\u00e9tences et les savoir-faire du Dirigeant<\/span><\/p>\n<p style=\"text-align: justify;\"><span style=\"color: #333333;\">Comprend 2 visio-conf\u00e9rences<\/span><\/p>\n<p>&nbsp;<\/p>\n<p style=\"text-align: justify;\"><span style=\"text-decoration: underline; color: #333333;\">La premi\u00e8re visioconf\u00e9rence<\/span><\/p>\n<p style=\"text-align: justify;\"><span style=\"color: #333333;\">\u00c9coute, Recueil de l&rsquo;Expression de vos Besoins 1H30<\/span><\/p>\n<p style=\"text-align: justify;\"><span style=\"color: #333333;\">Il s&rsquo;agit d&rsquo;une s\u00e9ance d&rsquo;interview ou nous \u00e9voquons toutes vos probl\u00e9matiques afin de recueillir vos expressions de besoins.<\/span><\/p>\n<p style=\"text-align: justify;\"><span style=\"color: #333333;\">Nous sommes \u00e0 l&rsquo;\u00e9coute et parlons de vos sujets. Nous posons des questions qui vous concernent et qui nous permettront de b\u00e2tir un solide requierement dans la restitution.<\/span><\/p>\n<p>&nbsp;<\/p>\n<p style=\"text-align: justify;\"><span style=\"text-decoration: underline; color: #333333;\">La deuxi\u00e8me visio-conf\u00e9rence<\/span><\/p>\n<p style=\"text-align: justify;\"><span style=\"color: #333333;\">Analyse et Restitution 1H30<\/span><\/p>\n<p style=\"text-align: justify;\"><span style=\"color: #333333;\">Il s&rsquo;agit de faire une synth\u00e8se de vos expressions de besoins et les restituer sous forme d&rsquo;actions \u00e0 mettre en place. Cette s\u00e9ance contient un livrable qui vous permettra d&rsquo;\u00e9laborer une strat\u00e9gie solide pour le d\u00e9veloppement de votre business.<\/span><\/p>\n<p>&nbsp;<\/p>\n<p style=\"text-align: justify;\"><span style=\"color: #333333;\"><strong>NB:<\/strong> Entre la premi\u00e8re et la deuxi\u00e8me Visio-conf\u00e9rence, une semaine de battement s\u2019\u00e9coule afin de travailler et vous revenir.<\/span><\/p>\n<p>[\/vc_column_text]<\/div><a href=\"https:\/\/calendly.com\/mmeleslie\/precieuse\" class=\"sc_price_link\" target=\"_blank\">R\u00c9SERVER SA PLACE<\/a><\/div>\n<\/div>[\/vc_column][vc_column width=\u00a0\u00bb1\/4&Prime;][vc_empty_space hide_on_mobile=\u00a0\u00bb\u00a0\u00bb][vc_empty_space hide_on_mobile=\u00a0\u00bb\u00a0\u00bb]<div  id=\"sc_price_2101341277\" \n\tclass=\"sc_price color_style_default sc_price_default with_label\"><div class=\"sc_price_label\">D\u00c9BUTANTE<\/div><div class=\"sc_price_info\"><div class=\"sc_price_title\"><a href=\"https:\/\/calendly.com\/mmeleslie\/lk-consulting-i-diamant\">DIAMANTE<\/a><\/div><div class=\"sc_price_price\"><span class=\"sc_price_value\">590\u20ac<\/span><\/div><div class=\"sc_price_details\">[vc_column_text]<\/p>\n<p style=\"text-align: justify;\">La formule Diamant est un accompagnement d\u00e9di\u00e9 \u00e0 toute personne souhaitant se lancer dans l&rsquo;entrepreneuriat avec efficacit\u00e9.<br \/>\nUn accompagnement pas \u00e0 pas sur mesure. Cela comprend, 2 visio-conf\u00e9rences<\/p>\n<p>&nbsp;<\/p>\n<p style=\"text-align: justify;\"><span style=\"text-decoration: underline;\">La premi\u00e8re visioconf\u00e9rence<\/span><\/p>\n<p style=\"text-align: justify;\">&#8211; \u00c9coute, Recueil de l&rsquo;Expression de vos Besoins 2H30<br \/>\nIl s&rsquo;agit d&rsquo;une s\u00e9ance d&rsquo;interview ou nous \u00e9voquons toutes vos probl\u00e9matiques afin de recueillir vos expressions de besoins.<br \/>\nNous sommes \u00e0 l&rsquo;\u00e9coute et parlons de votre souhait d&rsquo;entreprendre. Nous posons des questions qui vous concernent et qui nous permettront de b\u00e2tir un solide requierement dans la restitution.<\/p>\n<p>&nbsp;<\/p>\n<p style=\"text-align: justify;\"><span style=\"text-decoration: underline;\">La deuxi\u00e8me visio-conf\u00e9rence<\/span><\/p>\n<p style=\"text-align: justify;\">-Analyse et Restitution 2H30<br \/>\nIl s&rsquo;agit de faire une synth\u00e8se de vos expressions de besoins et les restituer sous forme d&rsquo;actions \u00e0 mettre en place.<br \/>\nCette s\u00e9ance contient un livrable qui vous permettra d&rsquo;\u00e9laborer une strat\u00e9gie solide pour le d\u00e9veloppement de votre business.<\/p>\n<p>&nbsp;<\/p>\n<p style=\"text-align: justify;\">NB<strong> :<\/strong> Entre la premi\u00e8re et la deuxi\u00e8me Visio-conf\u00e9rence, une semaine de battement est n\u00e9cessaire afin de vous revenir.<\/p>\n<p>[\/vc_column_text]<\/div><a href=\"https:\/\/calendly.com\/mmeleslie\/lk-consulting-i-diamant\" class=\"sc_price_link\" target=\"_blank\">R\u00c9SERVER SA PLACE<\/a><\/div>\n<\/div>[\/vc_column][vc_column width=\u00a0\u00bb1\/4&Prime;][vc_empty_space hide_on_mobile=\u00a0\u00bb\u00a0\u00bb][vc_empty_space hide_on_mobile=\u00a0\u00bb\u00a0\u00bb]<div  id=\"sc_price_1510266805\" \n\tclass=\"sc_price color_style_default sc_price_default with_label\"><div class=\"sc_price_label\">POPULAIRE<\/div><div class=\"sc_price_info\"><div class=\"sc_price_title\"><a href=\"https:\/\/calendly.com\/mmeleslie\/audacieuse\">AUDACIEUSE<\/a><\/div><div class=\"sc_price_price\"><span class=\"sc_price_value\">790\u20ac<\/span><\/div><div class=\"sc_price_details\">[vc_column_text]<\/p>\n<p style=\"text-align: justify;\">La formule Audacieuse<br \/>\nC&rsquo;est un accompagnement pour toute entreprise ayant plus de 3 ann\u00e9es d&rsquo;activit\u00e9s.<br \/>\nC&rsquo;est une observation compl\u00e8te de votre entreprise que vous avez effectu\u00e9 en amont afin de nous permettre de traiter votre probl\u00e9matique ou r\u00e9pondre \u00e0 vos besoins.<\/p>\n<p style=\"text-align: justify;\">Cela comprend, 3 visioconf\u00e9rences<\/p>\n<p>&nbsp;<\/p>\n<p style=\"text-align: justify;\"><span style=\"text-decoration: underline;\">La premi\u00e8re visioconf\u00e9rence<\/span><\/p>\n<p style=\"text-align: justify;\">\u00c9coute, Recueil de l&rsquo;Expression de vos Besoins 1H30<\/p>\n<p style=\"text-align: justify;\">Il s&rsquo;agit d&rsquo;une s\u00e9ance d&rsquo;interview ou nous \u00e9voquons toutes vos probl\u00e9matiques afin de recueillir vos expressions de besoins.<\/p>\n<p style=\"text-align: justify;\">Nous sommes \u00e0 l&rsquo;\u00e9coute et parlons de vos sujets. Nous posons des questions qui vous concernent et qui nous permettront de b\u00e2tir un solide requierement dans la restitution.<\/p>\n<p>&nbsp;<\/p>\n<p style=\"text-align: justify;\"><span style=\"text-decoration: underline;\">La deuxi\u00e8me visioconf\u00e9rence<\/span><\/p>\n<p style=\"text-align: justify;\">Analyse et Restitution 1H30<\/p>\n<p style=\"text-align: justify;\">Il s&rsquo;agit de faire une synth\u00e8se de vos expressions de besoins et les restituer sous forme d&rsquo;actions \u00e0 mettre en place. Cette s\u00e9ance contient un livrable qui vous permettra d&rsquo;\u00e9laborer une strat\u00e9gie solide pour le d\u00e9veloppement de votre business.<\/p>\n<p>&nbsp;<\/p>\n<p style=\"text-align: justify;\"><span style=\"text-decoration: underline;\">La troisi\u00e8me visioconf\u00e9rence<\/span><\/p>\n<p style=\"text-align: justify;\">Proposition de strat\u00e9gie pour traiter la probl\u00e9matique ou r\u00e9pondre \u00e0 votre besoin. 1H30<\/p>\n<p style=\"text-align: justify;\">Il s&rsquo;agit d&rsquo;un ensemble de proposition cibl\u00e9e et efficace vous permettant d&rsquo;optimiser le co\u00fbt\u00a0\/ moyen et d\u00e9lai. IL contient un livrable avec des actions \u00e0 \u00e9laborer et \u00e0 ex\u00e9cuter.<\/p>\n<p style=\"text-align: justify;\">NB: Entre la premi\u00e8re, la deuxi\u00e8me\u00a0 et troisi\u00e8me Visioconf\u00e9rence, une semaine de battement s\u2019\u00e9coule afin de travailler et vous revenir.<\/p>\n<div id=\"gtx-trans\" style=\"position: absolute; left: 131px; top: 66px;\">\n<div class=\"gtx-trans-icon\"><\/div>\n<\/div>\n<p>[\/vc_column_text]<\/div><a href=\"https:\/\/calendly.com\/mmeleslie\/audacieuse\" class=\"sc_price_link\" target=\"_blank\">R\u00c9SERVER SA PLACE<\/a><\/div>\n<\/div>[\/vc_column][vc_column width=\u00a0\u00bb1\/4&Prime;][vc_empty_space hide_on_mobile=\u00a0\u00bb\u00a0\u00bb][vc_empty_space hide_on_mobile=\u00a0\u00bb\u00a0\u00bb]<div  id=\"sc_price_881527538\" \n\tclass=\"sc_price color_style_default sc_price_default\"><div class=\"sc_price_info\"><div class=\"sc_price_title\"><a href=\"https:\/\/calendly.com\/mmeleslie\/60min\">EXCELLENCE<\/a><\/div><div class=\"sc_price_price\"><span class=\"sc_price_value\">1190\u20ac<\/span><\/div><div class=\"sc_price_details\">[vc_column_text]<\/p>\n<p style=\"text-align: justify;\"><span style=\"color: #333333;\">La formule Excellence<\/span><br \/>\n<span style=\"color: #333333;\">Elle est d\u00e9di\u00e9e exclusivement \u00e0 toute entreprise souhaitant travailler sur un axe bien pr\u00e9cis \u00e0 solutionner et assurer la formation \u00e0 votre \u00e9quipe.<\/span><\/p>\n<p style=\"text-align: justify;\"><span style=\"color: #333333;\">Cela comprend, 4 visioconf\u00e9rences<\/span><\/p>\n<p>&nbsp;<\/p>\n<p style=\"text-align: justify;\"><span style=\"text-decoration: underline; color: #333333;\">La premi\u00e8re visioconf\u00e9rence<\/span><\/p>\n<p style=\"text-align: justify;\"><span style=\"color: #333333;\">\u00c9coute, Recueil de l&rsquo;Expression de vos Besoins 1H30<\/span><\/p>\n<p style=\"text-align: justify;\"><span style=\"color: #333333;\">Il s&rsquo;agit d&rsquo;une s\u00e9ance d&rsquo;interview ou nous \u00e9voquons toutes vos probl\u00e9matiques afin de recueillir vos expressions de besoins.<\/span><\/p>\n<p style=\"text-align: justify;\"><span style=\"color: #333333;\">Nous sommes \u00e0 l&rsquo;\u00e9coute et parlons de vos sujets. Nous posons des questions qui vous concernent et qui nous permettront de b\u00e2tir un solide requierement dans la restitution.<\/span><\/p>\n<p>&nbsp;<\/p>\n<p style=\"text-align: justify;\"><span style=\"text-decoration: underline; color: #333333;\">La deuxi\u00e8me visioconf\u00e9rence<\/span><\/p>\n<p style=\"text-align: justify;\"><span style=\"color: #333333;\">Analyse et Restitution 1H30<\/span><\/p>\n<p style=\"text-align: justify;\"><span style=\"color: #333333;\">Il s&rsquo;agit de faire une synth\u00e8se de vos expressions de besoins et les restituer sous forme d&rsquo;actions \u00e0 mettre en place. Cette s\u00e9ance contient un livrable qui vous permettra d&rsquo;\u00e9laborer une strat\u00e9gie solide pour le d\u00e9veloppement de votre business.<\/span><\/p>\n<p>&nbsp;<\/p>\n<p style=\"text-align: justify;\"><span style=\"text-decoration: underline; color: #333333;\">La troisi\u00e8me visioconf\u00e9rence<\/span><\/p>\n<p style=\"text-align: justify;\"><span style=\"color: #333333;\">Proposition de strat\u00e9gie pour traiter la probl\u00e9matique ou r\u00e9pondre \u00e0 votre besoin. 1H30<\/span><\/p>\n<p style=\"text-align: justify;\"><span style=\"color: #333333;\">Il s&rsquo;agit d&rsquo;un ensemble de proposition cibl\u00e9e et efficace vous permettant d&rsquo;optimiser le co\u00fbt\u00a0\/ moyen et d\u00e9lai. IL contient un livrable avec des actions \u00e0 \u00e9laborer et \u00e0 ex\u00e9cuter.<\/span><\/p>\n<p>&nbsp;<\/p>\n<p style=\"text-align: justify;\"><span style=\"text-decoration: underline; color: #333333;\">La quatri\u00e8me visioconf\u00e9rence<\/span><\/p>\n<p style=\"text-align: justify;\"><span style=\"color: #333333;\">Accompagnement dans les op\u00e9rations (actions) pour mat\u00e9rialiser les strat\u00e9gies. 4H<\/span><\/p>\n<p style=\"text-align: justify;\"><span style=\"color: #333333;\">Il s&rsquo;agit d&rsquo;un accompagnement ou nous intervenons dans quelques phases de votre business pour recadrer et souffler les impulsions n\u00e9cessaires \u00e0 la bonne marche de votre affaire.<\/span><\/p>\n<p style=\"text-align: justify;\"><span style=\"color: #333333;\">NB : \u00a0Entre la premi\u00e8re, la deuxi\u00e8me, la troisi\u00e8me et la quatri\u00e8me\u00a0 Visioconf\u00e9rence, une semaine de battement s\u2019\u00e9coule afin de travailler et vous revenir.<\/span><\/p>\n<p>[\/vc_column_text]<\/div><a href=\"https:\/\/calendly.com\/mmeleslie\/60min\" class=\"sc_price_link\" target=\"_blank\">R\u00c9SERVER SA PLACE<\/a><\/div>\n<\/div>[\/vc_column][\/vc_row]<\/p>\n","protected":false},"excerpt":{"rendered":"<p>[vc_row][vc_column][vc_empty_space hide_on_mobile=\u00a0\u00bb\u00a0\u00bb][vc_empty_space hide_on_mobile=\u00a0\u00bb\u00a0\u00bb][vc_empty_space hide_on_mobile=\u00a0\u00bb\u00a0\u00bb][\/vc_column][\/vc_row][vc_row][vc_column][vc_video link=\u00a0\u00bbhttps:\/\/vimeo.com\/439572238&Prime;][\/vc_column][\/vc_row][vc_row full_width=\u00a0\u00bbstretch_row_content\u00a0\u00bb][vc_column width=\u00a0\u00bb1\/4&Prime;][vc_empty_space hide_on_mobile=\u00a0\u00bb\u00a0\u00bb][vc_empty_space][\/vc_column][vc_column width=\u00a0\u00bb1\/4&Prime;][vc_empty_space hide_on_mobile=\u00a0\u00bb\u00a0\u00bb][vc_empty_space hide_on_mobile=\u00a0\u00bb\u00a0\u00bb][\/vc_column][vc_column width=\u00a0\u00bb1\/4&Prime;][vc_empty_space hide_on_mobile=\u00a0\u00bb\u00a0\u00bb][vc_empty_space hide_on_mobile=\u00a0\u00bb\u00a0\u00bb][\/vc_column][vc_column width=\u00a0\u00bb1\/4&Prime;][vc_empty_space hide_on_mobile=\u00a0\u00bb\u00a0\u00bb][vc_empty_space hide_on_mobile=\u00a0\u00bb\u00a0\u00bb][\/vc_column][\/vc_row]<\/p>\n","protected":false},"author":1,"featured_media":0,"parent":0,"menu_order":0,"comment_status":"closed","ping_status":"closed","template":"","meta":[],"_links":{"self":[{"href":"https:\/\/mmeleslie.com\/index.php\/wp-json\/wp\/v2\/pages\/2368"}],"collection":[{"href":"https:\/\/mmeleslie.com\/index.php\/wp-json\/wp\/v2\/pages"}],"about":[{"href":"https:\/\/mmeleslie.com\/index.php\/wp-json\/wp\/v2\/types\/page"}],"author":[{"embeddable":true,"href":"https:\/\/mmeleslie.com\/index.php\/wp-json\/wp\/v2\/users\/1"}],"replies":[{"embeddable":true,"href":"https:\/\/mmeleslie.com\/index.php\/wp-json\/wp\/v2\/comments?post=2368"}],"version-history":[{"count":9,"href":"https:\/\/mmeleslie.com\/index.php\/wp-json\/wp\/v2\/pages\/2368\/revisions"}],"predecessor-version":[{"id":2605,"href":"https:\/\/mmeleslie.com\/index.php\/wp-json\/wp\/v2\/pages\/2368\/revisions\/2605"}],"wp:attachment":[{"href":"https:\/\/mmeleslie.com\/index.php\/wp-json\/wp\/v2\/media?parent=2368"}],"curies":[{"name":"wp","href":"https:\/\/api.w.org\/{rel}","templated":true}]}}