{"id":68,"date":"2017-04-03T08:58:38","date_gmt":"2017-04-03T08:58:38","guid":{"rendered":"https:\/\/mmeleslie.com\/?page_id=68"},"modified":"2021-08-09T14:04:52","modified_gmt":"2021-08-09T12:04:52","slug":"lk-consulting","status":"publish","type":"page","link":"https:\/\/mmeleslie.com\/index.php\/lk-consulting\/","title":{"rendered":"LK CONSULTING"},"content":{"rendered":"<p>[vc_row][vc_column width=\u00a0\u00bb5\/6&Prime; offset=\u00a0\u00bbvc_col-lg-offset-2 vc_col-lg-8 vc_col-sm-offset-1&Prime;][vc_empty_space height=\u00a0\u00bb\u00a0\u00bb alter_height=\u00a0\u00bblarge\u00a0\u00bb hide_on_mobile=\u00a0\u00bb\u00a0\u00bb]<div id=\"sc_title_1078208116\"\r\n\t\tclass=\"sc_title color_style_default sc_title_default style_3\"><h6 class=\"sc_item_subtitle sc_title_subtitle sc_align_left sc_item_title_style_default style_3\">POURQUOI NOUS CHOISIR<\/h6><h3 class=\"sc_item_title sc_title_title sc_align_left sc_item_title_style_default style_3\">Pour que votre vision devienne une r\u00e9alit\u00e9<\/h3><\/div><!-- \/.sc_title -->[vc_empty_space height=\u00a0\u00bb\u00a0\u00bb hide_on_mobile=\u00a0\u00bb\u00a0\u00bb][vc_empty_space height=\u00a0\u00bb\u00a0\u00bb alter_height=\u00a0\u00bbsmall\u00a0\u00bb hide_on_mobile=\u00a0\u00bb\u00a0\u00bb][vc_empty_space height=\u00a0\u00bb\u00a0\u00bb alter_height=\u00a0\u00bbsmall\u00a0\u00bb hide_on_mobile=\u00a0\u00bb\u00a0\u00bb][vc_empty_space height=\u00a0\u00bb\u00a0\u00bb alter_height=\u00a0\u00bbsmall\u00a0\u00bb hide_on_mobile=\u00a0\u00bb3&Prime;][\/vc_column][\/vc_row][vc_row][vc_column width=\u00a0\u00bb1\/2&Prime;][vc_single_image image=\u00a0\u00bb2360&Prime; img_size=\u00a0\u00bbfull\u00a0\u00bb][\/vc_column][vc_column width=\u00a0\u00bb1\/2&Prime;][vc_column_text]<\/p>\n<h1>Notre Identit\u00e9<\/h1>\n<p style=\"text-align: justify;\"><span style=\"font-size: 14pt;\"><strong><u>A- Pourquoi faire appel \u00e0 LK Consulting ?<\/u><\/strong><\/span><\/p>\n<p style=\"text-align: justify;\"><span style=\"font-size: 14pt;\">Des Consultants pour vous apportez des comp\u00e9tences ou exp\u00e9riences non disponibles en interne. Mettre \u00e0 votre disposition une objectivit\u00e9 justifi\u00e9e pour mat\u00e9rialiser votre vision. Vous permettre une collaboration plus personnelle forte d\u2019une relation de confiance privil\u00e9gi\u00e9 sur le long terme avec une tarification abordable.<\/span><\/p>\n<p style=\"text-align: justify;\"><span style=\"font-size: 14pt;\"><strong><u>B- Notre Vision\u00a0<\/u><\/strong><\/span><\/p>\n<p style=\"text-align: justify;\"><span style=\"font-size: 14pt;\">Tout Homme porte en Lui, le germe de l\u2019excellence et cette capacit\u00e9 \u00e0 \u00e9largir l\u2019espace de sa tente. Il a l\u2019audace de se r\u00e9aliser pleinement. Il m\u00e9rite un accompagnement d\u00e9vou\u00e9 de la plus haute importance. Votre projet professionnel, votre entreprise, c\u2019est bien plus qu\u2019un num\u00e9ro.<\/span><\/p>\n<p style=\"text-align: justify;\"><span style=\"font-size: 14pt;\">Notre plus grande satisfaction, c\u2019est votre r\u00e9ussite professionnelle\u00a0!<\/span><\/p>\n<p style=\"text-align: justify;\"><span style=\"font-size: 14pt;\">Comme vous, nous avons choisis l\u2019entreprenariat comme voie d\u2019accomplissement. Nous accompagnons les dirigeants de PME \/ PMIN depuis 7 ans. Des entreprises de diff\u00e9rents secteurs d\u2019activit\u00e9s \u00e0 l\u2019\u00e9chelle internationale.\u00a0<\/span><\/p>\n<p>[\/vc_column_text][\/vc_column][\/vc_row][vc_row][vc_column][vc_empty_space height=\u00a0\u00bb72px\u00a0\u00bb hide_on_mobile=\u00a0\u00bb\u00a0\u00bb][vc_column_text]<\/p>\n<p><span style=\"font-size: 14pt;\">Nous croyons aux succ\u00e8s de vos entreprises qui reposent sur des strat\u00e9gies d\u2019affaire et un management \u00e0 la pointe. Nous faisons de l\u2019excellence notre alli\u00e9 pour vous donner le meilleur de nous !<\/span><\/p>\n<p style=\"text-align: justify;\"><span style=\"font-size: 14pt;\"><strong><u>C- Nos Valeurs<\/u><\/strong><\/span><\/p>\n<p style=\"text-align: justify;\"><span style=\"font-size: 14pt;\">La foi, l\u2019amour, la passion, l\u2019audace, le respect, la consid\u00e9ration, le don de soi, l\u2019excellence, le travail minutieux, la r\u00e9silience, la pers\u00e9v\u00e9rance et la communication sont bien plus que des mots, notre \u00e9tat d\u2019esprit.<\/span><\/p>\n<h1>Nos Missions<\/h1>\n<p><span style=\"font-size: 14pt;\"><strong><u>A-La gouvernance<\/u><\/strong><\/span><\/p>\n<p><span style=\"font-size: 14pt;\">Vous \u00e9coutez et vous accompagnez \u00e0 d\u00e9finir les r\u00f4les et responsabilit\u00e9s de vos d\u00e9cisionnaires pour assurer le bon fonctionnement de vos entreprises.<\/span><\/p>\n<p><span style=\"font-size: 14pt;\">Pour garantir la p\u00e9rennit\u00e9 de votre entreprise, la mise en place d\u2019une gouvernance \u00e9quilibr\u00e9e vous permettra de diriger et d\u00e9cider avec clart\u00e9, objectivit\u00e9 et efficacit\u00e9\u00a0; tout en respectant votre \u00e9thique et vos valeurs qui vous sont propre.<\/span><\/p>\n<p><span style=\"font-size: 14pt;\"><strong><u>B- L\u2019Organisation<\/u><\/strong><\/span><\/p>\n<p><span style=\"font-size: 14pt;\">Vous \u00e9coutez et vous accompagnez \u00e0 mettre en place une organisation performante et essentielle pour r\u00e9pondre \u00e0 votre \u00ab qui fait quoi et quand \u00bb parmi vos collaborateurs.<\/span><\/p>\n<p><span style=\"font-size: 14pt;\">Une vision globale vous aide \u00e0 d\u00e9finir un mod\u00e8le organisationnel adapt\u00e9 \u00e0 vos ambitions, pour vous garantir un futur dans lequel vous pourrez rester comp\u00e9titif.<\/span><\/p>\n<p><span style=\"font-size: 14pt;\"><strong><u>C- La Strat\u00e9gie d\u2019Entreprise<\/u><\/strong><\/span><\/p>\n<p><span style=\"font-size: 14pt;\">Vous \u00e9coutez et vous accompagnez \u00e0 :<\/span><\/p>\n<ul>\n<li>\n<ul>\n<li>\n<ul>\n<li><span style=\"font-size: 14pt;\">D\u00e9cider ou aller<\/span><\/li>\n<li><span style=\"font-size: 14pt;\">Comprendre pourquoi vous devez y aller<\/span><\/li>\n<li><span style=\"font-size: 14pt;\">Savoir comment y aller<\/span><\/li>\n<\/ul>\n<\/li>\n<\/ul>\n<\/li>\n<\/ul>\n<p><span style=\"font-size: 14pt;\">Avoir une strat\u00e9gie bien orchestr\u00e9e vous donne un cadre qui guide et facilite vos d\u00e9cisions au quotidien.<\/span><\/p>\n<p><span style=\"font-size: 14pt;\"><strong><u>D- Le Marketing et le D\u00e9veloppement d\u2019Affaires<\/u><\/strong><\/span><\/p>\n<p><span style=\"font-size: 14pt;\">Vous \u00e9coutez et vous accompagnez \u00e0 d\u00e9velopper et communiquer votre offre en ciblant les bons march\u00e9s pour cr\u00e9er votre valeur ajout\u00e9e. R\u00e9pondre \u00e0 vos besoins de produits ou service adapt\u00e9s gr\u00e2ce \u00e0 une vision claire, une capacit\u00e9 d\u2019analyse objective et des comp\u00e9tences op\u00e9rationnelles pour la mise en \u0153uvre.<\/span><\/p>\n<p><span style=\"font-size: 14pt;\">Le d\u00e9veloppement et la survie de votre entreprise \u00e0 long terme d\u00e9pendent de l\u2019accroissement essentiel de vos revenus.<\/span><\/p>\n<p><span style=\"font-size: 14pt;\"><strong><u>E- Le Protocole Client Lk Consulting<\/u><\/strong><\/span><\/p>\n<p><span style=\"font-size: 14pt;\">Vous \u00e9coutez et vous accompagnez \u00e0 comprendre qui sont vos clients et dans quel \u00e9tat \u00e9motionnel ils se trouvent aux diff\u00e9rents moments ou ils interagissent avec votre entreprise. \u00catre force de proposition pour vous sugg\u00e9rer des changements n\u00e9cessaires pour une exp\u00e9rience client unique et r\u00e9ussie.<\/span><\/p>\n<p><span style=\"font-size: 14pt;\">Pour vous d\u00e9marquez, seule l\u2019exp\u00e9rience que vous allez offrir \u00e0 votre client fera la diff\u00e9rence.<\/span><\/p>\n<p><span style=\"font-size: 14pt;\">Facilitez la vie \u00e0 vos clients, offrez leur une exp\u00e9rience pleinement satisfaisante. Des clients enchant\u00e9s vous garantissent une relation solide et durable.<\/span>[\/vc_column_text][vc_empty_space hide_on_mobile=\u00a0\u00bb\u00a0\u00bb][vc_empty_space hide_on_mobile=\u00a0\u00bb\u00a0\u00bb][vc_empty_space hide_on_mobile=\u00a0\u00bb\u00a0\u00bb][vc_empty_space hide_on_mobile=\u00a0\u00bb\u00a0\u00bb][\/vc_column][\/vc_row]<\/p>\n","protected":false},"excerpt":{"rendered":"<p>[vc_row][vc_column width=\u00a0\u00bb5\/6&Prime; offset=\u00a0\u00bbvc_col-lg-offset-2 vc_col-lg-8 vc_col-sm-offset-1&Prime;][vc_empty_space height=\u00a0\u00bb\u00a0\u00bb alter_height=\u00a0\u00bblarge\u00a0\u00bb hide_on_mobile=\u00a0\u00bb\u00a0\u00bb][vc_empty_space height=\u00a0\u00bb\u00a0\u00bb hide_on_mobile=\u00a0\u00bb\u00a0\u00bb][vc_empty_space height=\u00a0\u00bb\u00a0\u00bb alter_height=\u00a0\u00bbsmall\u00a0\u00bb hide_on_mobile=\u00a0\u00bb\u00a0\u00bb][vc_empty_space height=\u00a0\u00bb\u00a0\u00bb alter_height=\u00a0\u00bbsmall\u00a0\u00bb hide_on_mobile=\u00a0\u00bb\u00a0\u00bb][vc_empty_space height=\u00a0\u00bb\u00a0\u00bb alter_height=\u00a0\u00bbsmall\u00a0\u00bb hide_on_mobile=\u00a0\u00bb3&Prime;][\/vc_column][\/vc_row][vc_row][vc_column width=\u00a0\u00bb1\/2&Prime;][vc_single_image image=\u00a0\u00bb2360&Prime; img_size=\u00a0\u00bbfull\u00a0\u00bb][\/vc_column][vc_column width=\u00a0\u00bb1\/2&Prime;][vc_column_text] Notre Identit\u00e9 A- Pourquoi faire appel \u00e0 LK Consulting ? Des Consultants pour vous apportez des comp\u00e9tences ou exp\u00e9riences non disponibles en&hellip;<\/p>\n","protected":false},"author":1,"featured_media":0,"parent":0,"menu_order":0,"comment_status":"closed","ping_status":"closed","template":"","meta":[],"_links":{"self":[{"href":"https:\/\/mmeleslie.com\/index.php\/wp-json\/wp\/v2\/pages\/68"}],"collection":[{"href":"https:\/\/mmeleslie.com\/index.php\/wp-json\/wp\/v2\/pages"}],"about":[{"href":"https:\/\/mmeleslie.com\/index.php\/wp-json\/wp\/v2\/types\/page"}],"author":[{"embeddable":true,"href":"https:\/\/mmeleslie.com\/index.php\/wp-json\/wp\/v2\/users\/1"}],"replies":[{"embeddable":true,"href":"https:\/\/mmeleslie.com\/index.php\/wp-json\/wp\/v2\/comments?post=68"}],"version-history":[{"count":14,"href":"https:\/\/mmeleslie.com\/index.php\/wp-json\/wp\/v2\/pages\/68\/revisions"}],"predecessor-version":[{"id":2514,"href":"https:\/\/mmeleslie.com\/index.php\/wp-json\/wp\/v2\/pages\/68\/revisions\/2514"}],"wp:attachment":[{"href":"https:\/\/mmeleslie.com\/index.php\/wp-json\/wp\/v2\/media?parent=68"}],"curies":[{"name":"wp","href":"https:\/\/api.w.org\/{rel}","templated":true}]}}