{"id":2560,"date":"2022-10-11T14:11:53","date_gmt":"2022-10-11T12:11:53","guid":{"rendered":"https:\/\/mmeleslie.com\/?post_type=product&#038;p=2560"},"modified":"2024-11-10T15:48:32","modified_gmt":"2024-11-10T14:48:32","slug":"business-lunch","status":"publish","type":"product","link":"https:\/\/mmeleslie.com\/index.php\/product\/business-lunch\/","title":{"rendered":"Business Lunch"},"content":{"rendered":"<p>Il y a un adage qui dit mieux vaut apprendre \u00e0 p\u00eacher que de donner du poisson.<\/p>\n<p>Je vous d\u00e9voile tout afin que chacune de vous puisse exceller dans son art.<\/p>\n<p>Vous \u00eates Cadre, Dirigeante, Cheffe d&rsquo;entreprise, \u00c9crivaine, Personnalit\u00e9 publique, Personnalit\u00e9 politique, Femme d&rsquo;affaires, Femme active engag\u00e9e dans le domaine humanitaire voici le rendez-vous incontournable des femmes d&rsquo;excellence. <\/p>\n<p>Bien plus qu\u2019un \u00e9v\u00e9nement corporate haut de gamme, c&rsquo;est le club d&rsquo;affaires qui participe au rayonnement de votre empire. <\/p>\n<p>Voici mon cadeau en cette fin d&rsquo;ann\u00e9e pour vous. <\/p>\n<p>Une valeur r\u00e9elle bien plus on\u00e9reuse que le prix annonc\u00e9.<br \/>\nPourquoi ?<br \/>\nJe pense que la r\u00e9ussite ne doit pas \u00eatre \u00e9litiste.<br \/>\nUne femme Audacieuse qui se l\u00e8ve pour entreprendre doit \u00eatre soutenue. <\/p>\n<p>Je vous partage sans filtre cette connaissance et expertise qui va vous permettre de vous d\u00e9marquer, vous transformer et surtout propulser vos empires \u00e0 un niveau sup\u00e9rieur. <\/p>\n<p>Avant que je ne l&rsquo;oublie, je ne vous ai pas encore tout dit. Je vous r\u00e9serve encore des surprises.  Oui vous le m\u00e9ritez amplement. <\/p>\n<p>Vivement le 17 d\u00e9cembre.<br \/>\n#cheers<\/p>\n","protected":false},"excerpt":{"rendered":"<p>Le business lunch Rise up by ML Consulting,c&rsquo;est le  d\u00e9jeuner d&rsquo;affaires 100 % valeur ajout\u00e9e dans un cadre somptueux sur la plus belle avenue du monde : Les Champs-\u00c9lys\u00e9es.<\/p>\n<p>3 intervenantes reconnues de renomm\u00e9es internationale vont vous d\u00e9crypter et vous former sur les strat\u00e9gies essentielles \u00e0 ma\u00eetriser en mati\u00e8re de communication, de luxe et d&rsquo;influence. <\/p>\n<p>La programmation d\u00e9butera par un d\u00e9jeuner d&rsquo;exception suivi des 3 MasterClass.<\/p>\n<p>Le tea-time vous sera offert.<\/p>\n<p>Venez acqu\u00e9rir de nouvelles comp\u00e9tences, venez reseauter autrement.<\/p>\n<p>Psssssssst : L&rsquo;une des intervenantes est mon Mentor, l&rsquo;autre intervenante est mon  rolemodel.<\/p>\n","protected":false},"featured_media":2576,"comment_status":"open","ping_status":"closed","template":"","meta":[],"product_cat":[94],"product_tag":[],"_links":{"self":[{"href":"https:\/\/mmeleslie.com\/index.php\/wp-json\/wp\/v2\/product\/2560"}],"collection":[{"href":"https:\/\/mmeleslie.com\/index.php\/wp-json\/wp\/v2\/product"}],"about":[{"href":"https:\/\/mmeleslie.com\/index.php\/wp-json\/wp\/v2\/types\/product"}],"replies":[{"embeddable":true,"href":"https:\/\/mmeleslie.com\/index.php\/wp-json\/wp\/v2\/comments?post=2560"}],"wp:featuredmedia":[{"embeddable":true,"href":"https:\/\/mmeleslie.com\/index.php\/wp-json\/wp\/v2\/media\/2576"}],"wp:attachment":[{"href":"https:\/\/mmeleslie.com\/index.php\/wp-json\/wp\/v2\/media?parent=2560"}],"wp:term":[{"taxonomy":"product_cat","embeddable":true,"href":"https:\/\/mmeleslie.com\/index.php\/wp-json\/wp\/v2\/product_cat?post=2560"},{"taxonomy":"product_tag","embeddable":true,"href":"https:\/\/mmeleslie.com\/index.php\/wp-json\/wp\/v2\/product_tag?post=2560"}],"curies":[{"name":"wp","href":"https:\/\/api.w.org\/{rel}","templated":true}]}}